{"id":1020,"date":"2019-08-29T03:18:49","date_gmt":"2019-08-29T03:18:49","guid":{"rendered":"http:\/\/dalmadaesa.cl\/?page_id=1020"},"modified":"2020-10-19T00:31:01","modified_gmt":"2020-10-19T00:31:01","slug":"corporacion","status":"publish","type":"page","link":"https:\/\/dalmadaesa.cl\/?page_id=1020","title":{"rendered":"Compromiso"},"content":{"rendered":"<p style=\"text-align:justify;font-family: Calibri, sans-serif;font-size:16px;\">\u201cDalmaDaesa\u201d se define legalmente como una organizaci\u00f3n social, sin fines de lucro, que se oficializa el <strong>31 de Enero de 2008<\/strong>, fecha en la que el <strong>Instituto Nacional del Deporte<\/strong> emite la resoluci\u00f3n de Personalidad Jur\u00eddica N\u00famero 1303413-3, que nos reconoce como \u201c<strong>Asociaci\u00f3n Deportiva Regional<\/strong>\u201d.<\/p>\n<hr size=\"1px\" color=\"red\" \/>\n<h1 class=\"entry-title page-title\">Visi\u00f3n<\/h1>\n<p style=\"text-align:justify;font-family: Calibri, sans-serif;font-size:16px;\">Dalma Daesa, es una \u201cEscuela Tradicional de Taekwondo\u201d. Tradicional no por razones t\u00e9cnicas o administrativas, sino por su principio inspirador que pretende respetar el esp\u00edritu original de su creaci\u00f3n: <em>\u201cTengo la esperanza de que a trav\u00e9s del Taekwondo cada persona juntar\u00e1 fuerzas suficientes, para llegar a ser un guardi\u00e1n de la justicia, para combatir la disoluci\u00f3n social y <strong>para cultivar el esp\u00edritu humano<\/strong>\u201d (GM Choi Hong Hi)<\/em>.<\/p>\n<hr size=\"1px\" color=\"red\" \/>\n<h1 class=\"entry-title page-title\">Principios<\/h1>\n<p style=\"text-align:justify;font-family: Calibri, sans-serif;font-size:16px;\">DalmaDaesa, se adscribe a los principios universales del Taekwondo: <strong>Cortes\u00eda, Integridad, Perseverancia, autocontrol y Esp\u00edritu Ind\u00f3mito<\/strong>; sin distinci\u00f3n de raza, credo, sexo o condici\u00f3n socio econ\u00f3mica.<\/p>\n<hr size=\"1px\" color=\"red\" \/>\n<h1 class=\"entry-title page-title\">Misi\u00f3n<\/h1>\n<p style=\"text-align:justify;font-family: Calibri, sans-serif;font-size:16px;\">Organizaci\u00f3n Social, Cultural y Deportiva, independiente y profesional, <strong>enfocada al desarrollo integral de sus alumnos<\/strong>, tanto en los aspectos <strong>f\u00edsicos, emocionales e intelectuales<\/strong>.<\/p>\n<hr size=\"1px\" color=\"red\" \/>\n<h1 class=\"entry-title page-title\">Meta<\/h1>\n<p style=\"text-align:justify;font-family: Calibri, sans-serif;font-size:16px;\">Generar una organizaci\u00f3n orientada a coordinar los esfuerzos de distintos profesionales, instructores y colaboradores, en el desarrollo y difusi\u00f3n de <strong>actividades deportivo-culturales<\/strong> que vayan en apoyo a los <strong>procesos formativos y educativos<\/strong> de sus alumnos en particular y de la comunidad en general, a trav\u00e9s de instituciones afines.<\/p>\n<hr size=\"1px\" color=\"red\" \/>\n","protected":false},"excerpt":{"rendered":"<p>\u201cDalmaDaesa\u201d se define legalmente como una organizaci\u00f3n social, sin fines de lucro, que se oficializa el 31 de Enero de 2008, fecha en la que el Instituto Nacional del Deporte emite la resoluci\u00f3n de Personalidad Jur\u00eddica N\u00famero 1303413-3, que nos reconoce como \u201cAsociaci\u00f3n Deportiva Regional\u201d. Visi\u00f3n Dalma Daesa, es una \u201cEscuela Tradicional de Taekwondo\u201d. Tradicional&hellip; <br \/> <a class=\"read-more\" href=\"https:\/\/dalmadaesa.cl\/?page_id=1020\">Leer m\u00e1s<\/a><\/p>\n","protected":false},"author":6,"featured_media":0,"parent":0,"menu_order":0,"comment_status":"closed","ping_status":"closed","template":"","meta":{"footnotes":""},"class_list":["post-1020","page","type-page","status-publish","hentry"],"_links":{"self":[{"href":"https:\/\/dalmadaesa.cl\/index.php?rest_route=\/wp\/v2\/pages\/1020","targetHints":{"allow":["GET"]}}],"collection":[{"href":"https:\/\/dalmadaesa.cl\/index.php?rest_route=\/wp\/v2\/pages"}],"about":[{"href":"https:\/\/dalmadaesa.cl\/index.php?rest_route=\/wp\/v2\/types\/page"}],"author":[{"embeddable":true,"href":"https:\/\/dalmadaesa.cl\/index.php?rest_route=\/wp\/v2\/users\/6"}],"replies":[{"embeddable":true,"href":"https:\/\/dalmadaesa.cl\/index.php?rest_route=%2Fwp%2Fv2%2Fcomments&post=1020"}],"version-history":[{"count":1,"href":"https:\/\/dalmadaesa.cl\/index.php?rest_route=\/wp\/v2\/pages\/1020\/revisions"}],"predecessor-version":[{"id":1370,"href":"https:\/\/dalmadaesa.cl\/index.php?rest_route=\/wp\/v2\/pages\/1020\/revisions\/1370"}],"wp:attachment":[{"href":"https:\/\/dalmadaesa.cl\/index.php?rest_route=%2Fwp%2Fv2%2Fmedia&parent=1020"}],"curies":[{"name":"wp","href":"https:\/\/api.w.org\/{rel}","templated":true}]}}