{"id":1403,"date":"2020-10-23T02:47:15","date_gmt":"2020-10-23T02:47:15","guid":{"rendered":"http:\/\/dalmadaesa.cl\/?page_id=1403"},"modified":"2020-10-23T02:47:15","modified_gmt":"2020-10-23T02:47:15","slug":"proyecto_editorial","status":"publish","type":"page","link":"https:\/\/dalmadaesa.cl\/?page_id=1403","title":{"rendered":"Editorial Dalma Daesa"},"content":{"rendered":"<p style=\"text-align: justify; font-family: Calibri, sans-serif; font-size: 16px;\">La Editorial DalmaDaesa es un proyecto que pretende gestionar la creaci\u00f3n de libros aprovechando el corpus te\u00f3rico que en nuestra organizaci\u00f3n se generan: manuales, estudios, y material t\u00e9cnico, did\u00e1ctico, hist\u00f3rico, te\u00f3rico. Estudios sobre el taekwondo, las artes marciales, el deporte, la educaci\u00f3n, la cultura, temas que conducen al desarrollo o profundizaci\u00f3n, y darle curso de publicaci\u00f3n mediante un Cuerpo de Gesti\u00f3n Editorial capaz de coordinarlo y Tambi\u00e9n persigue la generaci\u00f3n de Indexaci\u00f3n de T\u00edtulos a la hora de investigar y tener la posibilidad de expandir el conocimiento y el pensamiento hacia otras regiones.<\/p>\n<p style=\"text-align: justify; font-family: Calibri, sans-serif; font-size: 16px;\">Para desarrollar este proyecto los recursos deben permitir la realizaci\u00f3n legal y tributaria de modo de configurar que esta figura proyectual permanezca en el tiempo sustent\u00e1ndose as\u00ed la gesti\u00f3n editorial.<\/p>\n<p style=\"text-align: justify; font-family: Calibri, sans-serif; font-size: 16px;\">Una de las ventajas competitivas es el aporte del dise\u00f1o. El aporte del Dise\u00f1o Gr\u00e1fico a la realizaci\u00f3n de este proyecto es significativo y su aporte valida el esfuerzo del recurso humano, apunta hacia el fomento de la lectura, se proyecta en el tiempo fomentando el desarrollo del libro como aporte cultural, dejando una huella que no se pueda borrar f\u00e1cilmente. Entre varios objetivos persigue la posibilidad de convertirse en fuente de pensamiento, ya sea del pensamiento existente en el mundo y la historia, y\/o de nuevos aportes al pensamiento mundial, aun cuando sea un grano de arena.<\/p>\n<p style=\"text-align: justify; font-family: Calibri, sans-serif; font-size: 16px;\">La particularidad de nuestra escuela es su v\u00ednculo con escuelas de pa\u00edses aleda\u00f1os, siendo el producto editorial un aporte diplom\u00e1tico.<\/p>\n","protected":false},"excerpt":{"rendered":"<p>La Editorial DalmaDaesa es un proyecto que pretende gestionar la creaci\u00f3n de libros aprovechando el corpus te\u00f3rico que en nuestra organizaci\u00f3n se generan: manuales, estudios, y material t\u00e9cnico, did\u00e1ctico, hist\u00f3rico, te\u00f3rico. Estudios sobre el taekwondo, las artes marciales, el deporte, la educaci\u00f3n, la cultura, temas que conducen al desarrollo o profundizaci\u00f3n, y darle curso de&hellip; <br \/> <a class=\"read-more\" href=\"https:\/\/dalmadaesa.cl\/?page_id=1403\">Leer m\u00e1s<\/a><\/p>\n","protected":false},"author":6,"featured_media":0,"parent":0,"menu_order":0,"comment_status":"closed","ping_status":"closed","template":"","meta":{"footnotes":""},"class_list":["post-1403","page","type-page","status-publish","hentry"],"_links":{"self":[{"href":"https:\/\/dalmadaesa.cl\/index.php?rest_route=\/wp\/v2\/pages\/1403","targetHints":{"allow":["GET"]}}],"collection":[{"href":"https:\/\/dalmadaesa.cl\/index.php?rest_route=\/wp\/v2\/pages"}],"about":[{"href":"https:\/\/dalmadaesa.cl\/index.php?rest_route=\/wp\/v2\/types\/page"}],"author":[{"embeddable":true,"href":"https:\/\/dalmadaesa.cl\/index.php?rest_route=\/wp\/v2\/users\/6"}],"replies":[{"embeddable":true,"href":"https:\/\/dalmadaesa.cl\/index.php?rest_route=%2Fwp%2Fv2%2Fcomments&post=1403"}],"version-history":[{"count":0,"href":"https:\/\/dalmadaesa.cl\/index.php?rest_route=\/wp\/v2\/pages\/1403\/revisions"}],"wp:attachment":[{"href":"https:\/\/dalmadaesa.cl\/index.php?rest_route=%2Fwp%2Fv2%2Fmedia&parent=1403"}],"curies":[{"name":"wp","href":"https:\/\/api.w.org\/{rel}","templated":true}]}}