{"id":537,"date":"2012-11-04T18:28:42","date_gmt":"2012-11-04T18:28:42","guid":{"rendered":"http:\/\/dalmadaesa.cl\/?page_id=537"},"modified":"2018-03-08T00:42:27","modified_gmt":"2018-03-08T00:42:27","slug":"historia","status":"publish","type":"page","link":"https:\/\/dalmadaesa.cl\/?page_id=537","title":{"rendered":"Historia"},"content":{"rendered":"<p style=\"text-align: justify;\">\nDalmaDaesa es una organizaci\u00f3n social, sin fines de lucro, se oficializa en 2008, cuando el Instituto Nacional del Deporte (IND) emite la resoluci\u00f3n de Personalidad Jur\u00eddica que la reconoce como Asociaci\u00f3n Deportiva Regional.<\/p>\n<p><\/p>\n<p style=\"text-align: justify;\">Sus or\u00edgenes se remontan a 2001 en el Colegio Atenas de la Comuna de La Florida y las inquietudes deportivas de la primera generaci\u00f3n de practicantes de Taekwondo del entonces Taller Escolar de Taekwondo Atenas.<\/p>\n<p><\/p>\n<p style=\"text-align: justify;\">\nCon el tiempo el taller se convirti\u00f3 en la rama de Taekwondo, demostrando organizaci\u00f3n, vocaci\u00f3n social, pedag\u00f3gica y deportiva. Despu\u00e9s de arduo trabajo con resultados de \u00e9xito nacional e internacional, en conjunto con la colaboraci\u00f3n del club Escuadr\u00f3n Negro de La Universidad Arcis, y club Keon del nacida en el \u00e1rea deportiva de DIPRES del Ministerio de Hacienda, sus directivos se re\u00fanen en una asamblea efectuada el 12 de diciembre de 2007, para fundar la Asociaci\u00f3n Deportiva Regional DalmaDaesa.<br \/>\n<\/p>\n<p style=\"text-align: justify;\">Estos tres clubes fundadores, logran constituir un cuerpo de instructores con vocaci\u00f3n pedag\u00f3gica, vocaci\u00f3n social y capacidad administrativa: el Circulo de Dragones de DalmaDaesa, quienes promueven el desarrollo integral de sus alumnos, comprendiendo que el ser humano es un conjunto de factores: mente, emoci\u00f3n y cuerpo, cuyo objetivo principal es lograr la armon\u00eda entre dichos factores, a trav\u00e9s de la pr\u00e1ctica pedag\u00f3gico-deportiva, utilizando como veh\u00edculo fundamental del deporte marcial el Taekwondo, pero sin discriminaci\u00f3n de ning\u00fan tipo, m\u00e1s bien, incorporando todo tipo de aportes que promuevan este objetivo.<\/p>\n<p><\/p>\n<p style=\"text-align: justify;\">En la actualidad la Asociaci\u00f3n DalmaDaesa se convirti\u00f3 en una Corporaci\u00f3n Deportiva dirigida por un grupo selecto de l\u00edderes surgidos desde sus propias filas, deportistas destacados y personas \u00edntegras con gran capacidad de aporte a la sociedad.<br \/>\n<\/p>\n<p style=\"text-align: justify;\">Es por todo lo anterior y por su vocaci\u00f3n de independencia y profesionalismo, que la Corporaci\u00f3n DalmaDaesa est\u00e1 a favor de promover la fraternidad y cooperaci\u00f3n con todo tipo de instituciones que concuerden con esta visi\u00f3n y vocaci\u00f3n, afili\u00e1ndose en igualdad de condiciones a entidades administrativas y sociales que promuevan o faciliten la Educaci\u00f3n Integral de nuestros alumnos.<\/p>\n<p><\/p>\n<p style=\"text-align: justify;\">De esta manera la escuela DalmaDaesa se encuentra vinculada a asociaciones deportivas de la l\u00ednea ITF (International Taekwondo Federation), WTF (World Taekwondo Federation), tanto en Chile como en Brasil y Argentina, pues consideramos que las aptitudes deportivas de nuestros alumnos deben ser desarrolladas en plenitud y correctamente canalizadas, ofreci\u00e9ndoles todas las oportunidades para su desarrollo y m\u00e1xima accesibilidad posible a sus genuinas aspiraciones de \u00e9xito deportivo.<\/p>\n<p><\/p>\n<p style=\"text-align: justify;\">Afiliada a IFKMA (International Federation Korean Martials Arts,) organizaci\u00f3n que promueve las artes marciales tradicionales coreanas: Kumdo, Wonkisul y Taekwondo Tradicional y Deportivo, que nos permiten mantener contacto con la tradici\u00f3n marcial y con escuelas amigas como Excalibur de Argentina, Brasil y Uruguay.<\/p>\n<p><\/p>\n<p style=\"text-align: justify;\">De esta manera la DalmaDaesa se proyecta como una instituci\u00f3n pedag\u00f3gico-deportiva, amante de la tradici\u00f3n marcial y con un profundo compromiso social.<\/p>\n","protected":false},"excerpt":{"rendered":"<p>DalmaDaesa es una organizaci\u00f3n social, sin fines de lucro, se oficializa en 2008, cuando el Instituto Nacional del Deporte (IND) emite la resoluci\u00f3n de Personalidad Jur\u00eddica que la reconoce como Asociaci\u00f3n Deportiva Regional. Sus or\u00edgenes se remontan a 2001 en el Colegio Atenas de la Comuna de La Florida y las inquietudes deportivas de la&hellip; <br \/> <a class=\"read-more\" href=\"https:\/\/dalmadaesa.cl\/?page_id=537\">Leer m\u00e1s<\/a><\/p>\n","protected":false},"author":2,"featured_media":0,"parent":0,"menu_order":0,"comment_status":"closed","ping_status":"closed","template":"","meta":{"footnotes":""},"class_list":["post-537","page","type-page","status-publish","hentry"],"_links":{"self":[{"href":"https:\/\/dalmadaesa.cl\/index.php?rest_route=\/wp\/v2\/pages\/537","targetHints":{"allow":["GET"]}}],"collection":[{"href":"https:\/\/dalmadaesa.cl\/index.php?rest_route=\/wp\/v2\/pages"}],"about":[{"href":"https:\/\/dalmadaesa.cl\/index.php?rest_route=\/wp\/v2\/types\/page"}],"author":[{"embeddable":true,"href":"https:\/\/dalmadaesa.cl\/index.php?rest_route=\/wp\/v2\/users\/2"}],"replies":[{"embeddable":true,"href":"https:\/\/dalmadaesa.cl\/index.php?rest_route=%2Fwp%2Fv2%2Fcomments&post=537"}],"version-history":[{"count":2,"href":"https:\/\/dalmadaesa.cl\/index.php?rest_route=\/wp\/v2\/pages\/537\/revisions"}],"predecessor-version":[{"id":925,"href":"https:\/\/dalmadaesa.cl\/index.php?rest_route=\/wp\/v2\/pages\/537\/revisions\/925"}],"wp:attachment":[{"href":"https:\/\/dalmadaesa.cl\/index.php?rest_route=%2Fwp%2Fv2%2Fmedia&parent=537"}],"curies":[{"name":"wp","href":"https:\/\/api.w.org\/{rel}","templated":true}]}}