{"id":926,"date":"2018-03-06T03:22:46","date_gmt":"2018-03-06T03:22:46","guid":{"rendered":"http:\/\/dalmadaesa.cl\/?page_id=926"},"modified":"2020-10-19T00:33:13","modified_gmt":"2020-10-19T00:33:13","slug":"monografia","status":"publish","type":"page","link":"https:\/\/dalmadaesa.cl\/?page_id=926","title":{"rendered":"Monograf\u00eda"},"content":{"rendered":"<p>ASOCIACION DEPORTIVA Y CULTURAL DALMA DAESA<br \/>\n<strong>Algunos conceptos para entender el deporte como desarrollo Humano<\/strong><br \/>\nLink: <a href=\"http:\/\/dalmadaesa.cl\/wp-content\/uploads\/2019\/05\/monografia_01_DeporteDesarrolloHumano_PCastex-1.pdf\" target=\"_blank\" rel=\"noopener\">Algunos conceptos para entender el deporte como desarrollo Humano<\/a><br \/>\nAutor: <em>Pablo Castex<\/em><br \/>\nFecha Publicaci\u00f3n: <em>2018<\/em><\/p>\n<blockquote style=\"text-align: justify;\"><p>Durante mucho tiempo y muy en cotidiano solemos escuchar la importancia del deporte en nuestra sociedad y la cantidad de beneficios que trae tanto a nivel personal, como colectivo, sabido, promocionado y divulgado es todo lo anterior mente dicho y sus generalizantes conclusiones&#8230;<\/p><\/blockquote>\n<hr noshade=\"noshade\" color=\"red\"\/>\n<p>ASOCIACION DEPORTIVA Y CULTURAL DALMA DAESA<br \/>\n<strong>Jornadas Sobre Cultura Coreana: Un acercamiento a la comprensi\u00f3n cultural entre Corea y Chile: Experiencias y proyecciones<\/strong><br \/>\nLink: <a href=\"http:\/\/dalmadaesa.cl\/wp-content\/uploads\/2019\/05\/monografia_02_Semana-Coreana_PCastex.pdf\" target=\"_blank\" rel=\"noopener\">Jornadas Sobre Cultura Coreana<\/a><br \/>\nAutor: <em>Pablo Castex<\/em><br \/>\nFecha Publicaci\u00f3n: <em>2012<\/em><\/p>\n<blockquote style=\"text-align: justify;\"><p>Este proyecto tiene un car\u00e1cter te\u00f3rico\/pr\u00e1ctico que pretende a trav\u00e9s de actividades de conversaci\u00f3n, reflexi\u00f3n y difusi\u00f3n, as\u00ed como meditar sobre las instancias previas, es decir su genealog\u00eda, refiri\u00e9ndome al desarrollo en el tiempo de esta actividad, la cual permiti\u00f3 generar&#8230;<\/p><\/blockquote>\n<hr noshade=\"noshade\" color=\"red\"\/>\n<p>ASOCIACION DEPORTIVA Y CULTURAL DALMA DAESA<br \/>\n<strong>Educaci\u00f3n y c\u00f3digos de nobleza: ARET\u00c9 y BUSHIDO<\/strong><br \/>\nLink: <a href=\"http:\/\/dalmadaesa.cl\/wp-content\/uploads\/2019\/05\/monografia_03_ARET%C3%89-y-BUSHIDO_Balaan.pdf\" target=\"_blank\" rel=\"noopener\">Educaci\u00f3n y c\u00f3digos de nobleza<\/a><br \/>\nAutor: <em>Balaan<\/em><br \/>\nFecha Publicaci\u00f3n: <em>2011<\/em><\/p>\n<blockquote style=\"text-align: justify;\"><p>La educaci\u00f3n es un producto cultural desarrollado durante siglos de experiencias colectivas de los pueblos, estos recogen sus distintas experiencias hist\u00f3rico cognitivas bajo una especie de \u201ctradici\u00f3n colectiva\u201d, y las cristalizan en conceptos que definen sus ideales de nobleza humana&#8230;<\/p><\/blockquote>\n<hr noshade=\"noshade\" color=\"red\"\/>\n","protected":false},"excerpt":{"rendered":"<p>ASOCIACION DEPORTIVA Y CULTURAL DALMA DAESA Algunos conceptos para entender el deporte como desarrollo Humano Link: Algunos conceptos para entender el deporte como desarrollo Humano Autor: Pablo Castex Fecha Publicaci\u00f3n: 2018 Durante mucho tiempo y muy en cotidiano solemos escuchar la importancia del deporte en nuestra sociedad y la cantidad de beneficios que trae tanto&hellip; <br \/> <a class=\"read-more\" href=\"https:\/\/dalmadaesa.cl\/?page_id=926\">Leer m\u00e1s<\/a><\/p>\n","protected":false},"author":6,"featured_media":0,"parent":0,"menu_order":0,"comment_status":"closed","ping_status":"closed","template":"","meta":{"footnotes":""},"class_list":["post-926","page","type-page","status-publish","hentry"],"_links":{"self":[{"href":"https:\/\/dalmadaesa.cl\/index.php?rest_route=\/wp\/v2\/pages\/926","targetHints":{"allow":["GET"]}}],"collection":[{"href":"https:\/\/dalmadaesa.cl\/index.php?rest_route=\/wp\/v2\/pages"}],"about":[{"href":"https:\/\/dalmadaesa.cl\/index.php?rest_route=\/wp\/v2\/types\/page"}],"author":[{"embeddable":true,"href":"https:\/\/dalmadaesa.cl\/index.php?rest_route=\/wp\/v2\/users\/6"}],"replies":[{"embeddable":true,"href":"https:\/\/dalmadaesa.cl\/index.php?rest_route=%2Fwp%2Fv2%2Fcomments&post=926"}],"version-history":[{"count":1,"href":"https:\/\/dalmadaesa.cl\/index.php?rest_route=\/wp\/v2\/pages\/926\/revisions"}],"predecessor-version":[{"id":1371,"href":"https:\/\/dalmadaesa.cl\/index.php?rest_route=\/wp\/v2\/pages\/926\/revisions\/1371"}],"wp:attachment":[{"href":"https:\/\/dalmadaesa.cl\/index.php?rest_route=%2Fwp%2Fv2%2Fmedia&parent=926"}],"curies":[{"name":"wp","href":"https:\/\/api.w.org\/{rel}","templated":true}]}}